{"id":157,"date":"2025-02-03T02:35:39","date_gmt":"2025-02-03T00:35:39","guid":{"rendered":"http:\/\/slupu"},"modified":"2025-02-03T02:35:39","modified_gmt":"2025-02-03T00:35:39","slug":"politica-de-cookies","status":"publish","type":"page","link":"https:\/\/slupu.com\/blog\/politica-de-cookies\/","title":{"rendered":"Pol\u00edtica de cookies"},"content":{"rendered":"\n<h3 class=\"wp-block-heading\"><strong>Qu\u00e9 son las cookies<\/strong><\/h3>\n\n\n\n<p>Por el mero hecho de visitar el Portal no queda registrado de forma autom\u00e1tica ning\u00fan dato de car\u00e1cter personal que identifique a un Usuario. Sin embargo, existe determinada informaci\u00f3n de car\u00e1cter no personal y no identificable con un Usuario concreto que se recoge y queda grabada en los servidores de CONSULTORA DIGITAL SLUPU S.L. con el \u00fanico objeto de facilitar la navegaci\u00f3n del Usuario y mejorar la gesti\u00f3n del Sitio Web. Esa informaci\u00f3n queda recogida a trav\u00e9s de archivos com\u00fanmente denominados \u201ccookies\u201d, que permiten dejar constancia de datos tales como el tipo de navegador de Internet del Usuario, su sistema operativo, la direcci\u00f3n IP desde la que accede al Sitio Web o sus preferencias en cuanto a la disposici\u00f3n de los contenidos en la p\u00e1gina web. Para obtener m\u00e1s informaci\u00f3n acerca de las cookies visite www.allaboutcookies.org<\/p>\n\n\n\n<h3 class=\"wp-block-heading\"><strong>Finalidad de las cookies<\/strong><\/h3>\n\n\n\n<p>Las cookies se utilizan para captar informaci\u00f3n sobre la navegaci\u00f3n del Usuario para, mediante el an\u00e1lisis de la misma, averiguar c\u00f3mo el Usuario interact\u00faa con https:\/\/slupu.com, y as\u00ed optimizar la experiencia de su navegaci\u00f3n.<\/p>\n\n\n\n<h3 class=\"wp-block-heading\"><strong>Tipos de cookies<\/strong><\/h3>\n\n\n\n<p>\u200b\u200bLas cookies que utilizamos son: Cookies de an\u00e1lisis (Google Analytics): Permiten el seguimiento y an\u00e1lisis del comportamiento del Usuario con el fin de introducir mejoras en funci\u00f3n del uso que hace el Usuario del Sitio Web y de los servicios. Seg\u00fan se\u00f1ala Google, Google Analytics es una herramienta gratuita de an\u00e1lisis de sitio web de Google que principalmente permite que los propietarios de sitios web conozcan c\u00f3mo interact\u00faan los Usuarios con su sitio web. Asimismo, habilita cookies en el dominio del sitio en el que te encuentras y utiliza un conjunto de cookies denominadas \u00ab__utma\u00bb y \u00ab__utmz\u00bb para recopilar informaci\u00f3n de forma an\u00f3nima y elaborar informes de tendencias de sitios web sin identificar a usuarios individuales.<\/p>\n\n\n\n<h3 class=\"wp-block-heading\"><strong>Cookies de terceros<\/strong><\/h3>\n\n\n\n<p>\u200b\u200bLas cookies que utilizamos son:<\/p>\n\n\n\n<p>Cookies de an\u00e1lisis (Google Analytics), concretamente: _utmz, _utmb, _utma, _utmc\u200b\u200bM\u00e1s informaci\u00f3n sobre Google Analytics en:&nbsp;<a href=\"https:\/\/developers.google.com\/analytics\/devguides\/collection\/analyticsjs\/cookie-usage\" rel=\"noreferrer noopener nofollow\" target=\"_blank\">Google Developers<\/a>.<\/p>\n\n\n\n<h3 class=\"wp-block-heading\"><strong>Desactivar las cookies<\/strong><\/h3>\n\n\n\n<p>Los Usuarios pueden rechazar la posibilidad de que utilicemos las cookies en su equipo mediante la configuraci\u00f3n de su navegador, pero ello comportar\u00e1 una experiencia de navegaci\u00f3n menos satisfactoria que incluso puede llegar a ser defectuosa.<\/p>\n\n\n\n<p>Se puede configurar el navegador para rechazar o aceptar las cookies, o configurar el navegador para que estas cookies se borren autom\u00e1ticamente una vez que se cierre el navegador, equipo o dispositivo. La configuraci\u00f3n de las cookies en los navegadores se realiza de la siguiente manera:<\/p>\n\n\n\n<ul class=\"wp-block-list\">\n<li>Google Chrome en Configuraci\u00f3n > Privacidad > Configuraci\u00f3n de contenido > Cookies<\/li>\n\n\n\n<li>Firefox en Preferencias > Privacidad.<\/li>\n\n\n\n<li>Internet Explorer en Herramientas > Opciones de Internet > Privacidad > Avanzada.<\/li>\n\n\n\n<li>Safari en Preferencias > Privacidad.<\/li>\n\n\n\n<li>Al acceder a este sitio web por primera vez, sin tener cookies de este sitio web, ver\u00e1 una ventana donde se le informa de la utilizaci\u00f3n de las cookies y donde puede consultar la presente \u00abInformaci\u00f3n cookies\u00bb. Si cierra la ventana acepta\/consiente la utilizaci\u00f3n de las cookies y \u00e9stas se instalar\u00e1n en su equipo, en caso contrario no se instalar\u00e1n las cookies pudiendo estar limitada la navegaci\u00f3n y servicios de este Sitio Web.<\/li>\n<\/ul>\n\n\n\n<h3 class=\"wp-block-heading\"><strong>Cookies de otras empresas en el Sitio Web<\/strong><\/h3>\n\n\n\n<p>Adem\u00e1s del uso de cookies de CONSULTORA DIGITAL SLUPU S.L. en nuestro sitio web permitimos a terceros establecer cookies y acceder a ellas en su equipo. El uso de las cookies de terceros est\u00e1 sujeto a sus propias pol\u00edticas de privacidad, no a la pol\u00edtica de privacidad de CONSULTORA DIGITAL SLUPU S.L.<\/p>\n\n\n\n<p><\/p>\n","protected":false},"excerpt":{"rendered":"<p>Qu\u00e9 son las cookies Por el mero hecho de visitar el Portal no queda registrado de forma autom\u00e1tica ning\u00fan dato de car\u00e1cter personal que identifique a un Usuario. Sin embargo, existe determinada informaci\u00f3n de car\u00e1cter no personal y no identificable con un Usuario concreto que se recoge y queda grabada en los servidores de CONSULTORA [&hellip;]<\/p>\n","protected":false},"author":1,"featured_media":0,"parent":0,"menu_order":0,"comment_status":"closed","ping_status":"closed","template":"","meta":{"footnotes":""},"class_list":["post-157","page","type-page","status-publish","hentry"],"_links":{"self":[{"href":"https:\/\/slupu.com\/blog\/wp-json\/wp\/v2\/pages\/157","targetHints":{"allow":["GET"]}}],"collection":[{"href":"https:\/\/slupu.com\/blog\/wp-json\/wp\/v2\/pages"}],"about":[{"href":"https:\/\/slupu.com\/blog\/wp-json\/wp\/v2\/types\/page"}],"author":[{"embeddable":true,"href":"https:\/\/slupu.com\/blog\/wp-json\/wp\/v2\/users\/1"}],"replies":[{"embeddable":true,"href":"https:\/\/slupu.com\/blog\/wp-json\/wp\/v2\/comments?post=157"}],"version-history":[{"count":0,"href":"https:\/\/slupu.com\/blog\/wp-json\/wp\/v2\/pages\/157\/revisions"}],"wp:attachment":[{"href":"https:\/\/slupu.com\/blog\/wp-json\/wp\/v2\/media?parent=157"}],"curies":[{"name":"wp","href":"https:\/\/api.w.org\/{rel}","templated":true}]}}