{"id":156,"date":"2025-02-03T02:35:39","date_gmt":"2025-02-03T00:35:39","guid":{"rendered":"http:\/\/slupu"},"modified":"2025-02-03T02:35:39","modified_gmt":"2025-02-03T00:35:39","slug":"politica-de-privacidad","status":"publish","type":"page","link":"https:\/\/slupu.com\/blog\/politica-de-privacidad\/","title":{"rendered":"Pol\u00edtica de privacidad"},"content":{"rendered":"\n<p>De conformidad con lo previsto en el Reglamento (UE) 2016\/679 del Parlamento Europeo y del Consejo, de 27 de abril de 2016, relativo a la protecci\u00f3n de las personas f\u00edsicas en lo que respecta al tratamiento de datos personales y a la libre circulaci\u00f3n de estos datos, CONSULTORA DIGITAL SLUPU S.L. (en adelante, \u00abLA EMPRESA\u00bb y\/o responsable del tratamiento), le informa que gestionar\u00e1 a trav\u00e9s de este sitio web y otros medios los siguientes tratamientos de datos:<\/p>\n\n\n\n<p><strong>Nombre del tratamiento de datos: CONTACTOS WEB<\/strong><br><strong>Responsable:<\/strong>&nbsp;CONSULTORA DIGITAL SLUPU S.L.<br><strong>Finalidad:<\/strong>&nbsp;Gesti\u00f3n de los datos personales de los usuarios que contactan con la entidad por medio de la web.<br><strong>Legitimaci\u00f3n:<\/strong>&nbsp;Art\u00edculo 6.a del RGPD. El interesado dio su consentimiento para el tratamiento de sus datos personales para uno o varios fines espec\u00edficos.<br><strong>Destinatarios:<\/strong>&nbsp;Comunicaciones y obligados legales.<br><strong>Derechos:<\/strong>&nbsp;Los previstos por la actual normativa en materia de protecci\u00f3n de datos.<\/p>\n\n\n\n<h3 class=\"wp-block-heading\"><strong>Pol\u00edtica de privacidad<\/strong><\/h3>\n\n\n\n<p>En cumplimiento de lo previsto en la Ley Org\u00e1nica 3\/2018, de 5 de diciembre, de Protecci\u00f3n de Datos Personales y Garant\u00eda de los Derechos digitales, el Reglamento (UE) 2016\/679 del Parlamento Europeo y del Consejo de 27 de abril de 2016 (RGPD) y la Ley 34\/2002, de 11 de julio, de Servicios de la Sociedad de la Informaci\u00f3n y Comercio Electr\u00f3nico (LSSICE o LSSI), se informa al usuario que:<\/p>\n\n\n\n<ul class=\"wp-block-list\">\n<li>La informaci\u00f3n personal que se pueda solicitar al usuario en los diferentes formularios de esta web, nunca ser\u00e1 utilizada para fines distintos a los definidos en esta pol\u00edtica.<\/li>\n\n\n\n<li>La informaci\u00f3n personal solicitada, ser\u00e1 siempre la m\u00ednima necesaria para poder prestar el servicio y, salvo autorizaci\u00f3n expresa por parte del usuario u obligaci\u00f3n legal, no se ceder\u00e1 a terceros.<\/li>\n\n\n\n<li>Los datos recopilados en este sitio web, ser\u00e1n incluidos en los tratamientos de datos arriba indicados y cuya finalidad ser\u00e1n las previstas en las definiciones antes indicadas.<\/li>\n<\/ul>\n\n\n\n<h3 class=\"wp-block-heading\"><strong>Finalidad del tratamiento<\/strong><\/h3>\n\n\n\n<p>Los datos que nos facilita, son tratados con la finalidad de gestionar las consultas que nos realiza tanto telef\u00f3nicamente, por correo postal, electr\u00f3nico como si utiliza nuestra web cumplimentando nuestros formularios establecidos al efecto o blog.<\/p>\n\n\n\n<p>Por intereses leg\u00edtimos, podemos elaborar estad\u00edsticas de uso de la web o de los servicios contratados a fin de realizar mejoras, detectar deficiencias e incidencias, acciones de marketing y nuevos servicios. En algunos casos, se podr\u00eda llegar a elaborar un perfil comercial de clientes, pero no se tomar\u00e1n decisiones automatizadas en base a dicho perfil.<\/p>\n\n\n\n<p>Tambi\u00e9n podremos realizar acciones informativas y promocionales de productos y servicios que podamos prestar. Por tanto, el usuario acepta expresamente recibir publicidad por correo postal, electr\u00f3nico e incluso por servicios m\u00f3viles, siempre que haya prestado su consentimiento y pudiendo revocar el mismo en cualquier momento mediante comunicaci\u00f3n dirigida a la empresa.<\/p>\n\n\n\n<p>Le informamos adem\u00e1s que la en la Web utilizamos cookies propias y de terceros para realizar an\u00e1lisis de usos y de medici\u00f3n de nuestra web con el fin de mejorar nuestros servicios.<\/p>\n\n\n\n<p>El tratamiento de sus datos para finalidades distintas a las que se detallan en este apartado anterior requerir\u00e1 de su consentimiento.<\/p>\n\n\n\n<h3 class=\"wp-block-heading\"><strong>Comunicaciones de datos<\/strong><\/h3>\n\n\n\n<p>No se prev\u00e9 ninguna comunicaci\u00f3n de datos a terceros, salvo aquellas que son requeridas por obligaci\u00f3n legal. Dichas comunicaciones se efectuar\u00e1n, en todo caso, cumpliendo todas las garant\u00edas legalmente previstas.<\/p>\n\n\n\n<p>En el supuesto de contemplarse la posibilidad de cesi\u00f3n de sus datos por otras circunstancias, se le solicitar\u00eda su consentimiento expl\u00edcito.<\/p>\n\n\n\n<p>No obstante, la prestaci\u00f3n de algunos de los servicios, pueden requerir del almacenamiento en las instalaciones de terceros y acceso por \u00e9stas o por terceros a sus datos. La empresa se compromete a cumplir lo dispuesto en la legislaci\u00f3n vigente aplicable. A estos efectos, le informamos que se formalizar\u00e1n los contratos de encargo de tratamiento con terceros tales como los servicios de gestor\u00eda fiscal y laboral, almacenamiento tanto en servidores f\u00edsicos como en la nube y servicios con terceras compa\u00f1\u00edas. Dichos encargos de tratamientos, en el caso que requieran transferencias internacionales de datos, se realizar\u00e1n siempre a pa\u00edses de la Uni\u00f3n Europea, entidades que cumplan con el acuerdo de Privacy Shield en EEUU o que cuenten con un nivel adecuado de protecci\u00f3n de conformidad con la normativa vigente.<\/p>\n\n\n\n<h3 class=\"wp-block-heading\"><strong>Derechos del usuario<\/strong><\/h3>\n\n\n\n<p>El usuario puede ejercer los derechos que le confiere la normativa vigente: derecho de acceso, rectificaci\u00f3n, supresi\u00f3n y oposici\u00f3n, limitaci\u00f3n del tratamiento, portabilidad de datos y a no ser objeto de decisiones individualizadas automatizadas.<\/p>\n\n\n\n<p>Asimismo, tiene derecho a retirar el consentimiento en cualquier momento; sin que en ning\u00fan caso la retirada de este consentimiento condicione la ejecuci\u00f3n del contrato de prestaci\u00f3n de servicios que pueda tener suscrito.<\/p>\n\n\n\n<p>Podr\u00e1 ejercer los derechos previstos por la normativa anteriormente mencionada para actualizarlos o para cualquier otro ejercicio de derecho a trav\u00e9s de nuestro formulario de contacto, con la referencia \u00abdatos personales\u00bb y copia del dni u otro documento identificativo.<\/p>\n\n\n\n<h3 class=\"wp-block-heading\"><strong>Origen de los datos<\/strong><\/h3>\n\n\n\n<p>Los datos personales objeto de tratamiento que regula esta pol\u00edtica de privacidad, han sido proporcionados por el mismo usuario mediante la cumplimentaci\u00f3n de los correspondientes formularios de consulta o la contrataci\u00f3n de los servicios ofertados. En todo caso, los datos gestionados, ser\u00e1n los m\u00ednimos necesarios para la correcta realizaci\u00f3n de las finalidades previstas en esta pol\u00edtica.<\/p>\n\n\n\n<p>Tambi\u00e9n podremos recabar informaci\u00f3n de las redes sociales en las que est\u00e1n presentes la empresa que ser\u00e1 utilizada s\u00f3lo para las finalidades incluidas en esta pol\u00edtica de privacidad. No obstante, hay que indicar que la presencia del usuario en dichas redes sociales se regular\u00e1 por las pol\u00edticas de privacidad de cada una de las redes sociales que utilice. Recomendamos al usuario que revise las pol\u00edticas de privacidad de cada unas de las redes sociales donde la empresa tengamos o podamos tener presencia: Facebook, Instagram, Twitter, Linkedin, Youtube.<\/p>\n\n\n\n<p>Las categor\u00edas de datos requeridas para los tratamientos de datos indicados en esta pol\u00edtica son los siguientes:<\/p>\n\n\n\n<ul class=\"wp-block-list\">\n<li>Datos Identificativos.<\/li>\n\n\n\n<li>Direcciones postales, electr\u00f3nicas y tel\u00e9fono.<\/li>\n\n\n\n<li>Informaci\u00f3n comercial.<\/li>\n\n\n\n<li>Informaci\u00f3n contractual.<\/li>\n\n\n\n<li>Datos econ\u00f3micos para facturaci\u00f3n.<\/li>\n\n\n\n<li>No se tratan datos especialmente protegidos.<\/li>\n<\/ul>\n\n\n\n<h3 class=\"wp-block-heading\"><strong>Limitaci\u00f3n del tratamiento<\/strong><\/h3>\n\n\n\n<p>Gestionaremos sus datos mientras sea necesario para cumplir con los prop\u00f3sitos de esta pol\u00edtica de privacidad y\/o la prestaci\u00f3n de servicios. Tambi\u00e9n retenemos sus datos para cumplir con los requisitos de la ley aplicable, prevenir acciones il\u00edcitas, resolver disputas, solucionar problemas, ejecutar nuestro contrato y otras acciones permitidas por la ley. Una vez que no sea necesario el tratamiento de sus datos, estos se eliminar\u00e1n o bloquear\u00e1n conforme a la pol\u00edtica de seguridad interna y los plazos de prescripci\u00f3n legal de conformidad la normativa vigente.<\/p>\n\n\n\n<h3 class=\"wp-block-heading\"><strong>Medidas de seguridad<\/strong><\/h3>\n\n\n\n<p>De acuerdo con lo previsto en la normativa vigente y en las buenas pr\u00e1cticas de seguridad, se han establecido medidas t\u00e9cnicas y organizativas contra la destrucci\u00f3n accidental o ilegal, p\u00e9rdida o alteraci\u00f3n accidental, revelaci\u00f3n o acceso no autorizado y otras formas o procedimientos ilegales.<\/p>\n\n\n\n<p>No obstante, la seguridad de la informaci\u00f3n transmitida a trav\u00e9s de Internet no puede ser plenamente garantizada. Por tanto, la entidad, no pueden ser considerada responsable de ninguna interrupci\u00f3n de comunicaciones a trav\u00e9s de Internet o de cambios de informaci\u00f3n o p\u00e9rdida de la misma.<\/p>\n\n\n\n<p>El usuario de la web es el responsable de mantener la seguridad de sus identificadores de usuario para el acceso a este o cualquier otro servicio web.<\/p>\n\n\n\n<h3 class=\"wp-block-heading\"><strong>Menores de edad<\/strong><\/h3>\n\n\n\n<p>Consideramos que la protecci\u00f3n de datos de car\u00e1cter personal es esencial, por lo que en el supuesto de que el usuario sea menor 13 a\u00f1os, \u00e9ste s\u00f3lo podr\u00e1 aportar sus datos personales con el previo consentimiento de los padres o tutores.<\/p>\n\n\n\n<p>No se gestionar\u00e1n en ning\u00fan caso, datos de menores de los que no se tenga autorizaci\u00f3n y consentimiento de padres o tutores legales.<\/p>\n\n\n\n<h3 class=\"wp-block-heading\"><strong>Actualizaciones y cambios en la pol\u00edtica de privacidad<\/strong><\/h3>\n\n\n\n<p>El propietario de este sitio web puede modificar esta Pol\u00edtica de Privacidad en funci\u00f3n de exigencias legislativas, reglamentarias, o con la finalidad de adaptar dicha pol\u00edtica a las instrucciones dictadas por la Agencia Espa\u00f1ola de Protecci\u00f3n de Datos, por ello se aconseja a los Usuarios que la visiten peri\u00f3dicamente.<\/p>\n","protected":false},"excerpt":{"rendered":"<p>De conformidad con lo previsto en el Reglamento (UE) 2016\/679 del Parlamento Europeo y del Consejo, de 27 de abril de 2016, relativo a la protecci\u00f3n de las personas f\u00edsicas en lo que respecta al tratamiento de datos personales y a la libre circulaci\u00f3n de estos datos, CONSULTORA DIGITAL SLUPU S.L. (en adelante, \u00abLA EMPRESA\u00bb [&hellip;]<\/p>\n","protected":false},"author":1,"featured_media":0,"parent":0,"menu_order":0,"comment_status":"closed","ping_status":"closed","template":"","meta":{"footnotes":""},"class_list":["post-156","page","type-page","status-publish","hentry"],"_links":{"self":[{"href":"https:\/\/slupu.com\/blog\/wp-json\/wp\/v2\/pages\/156","targetHints":{"allow":["GET"]}}],"collection":[{"href":"https:\/\/slupu.com\/blog\/wp-json\/wp\/v2\/pages"}],"about":[{"href":"https:\/\/slupu.com\/blog\/wp-json\/wp\/v2\/types\/page"}],"author":[{"embeddable":true,"href":"https:\/\/slupu.com\/blog\/wp-json\/wp\/v2\/users\/1"}],"replies":[{"embeddable":true,"href":"https:\/\/slupu.com\/blog\/wp-json\/wp\/v2\/comments?post=156"}],"version-history":[{"count":0,"href":"https:\/\/slupu.com\/blog\/wp-json\/wp\/v2\/pages\/156\/revisions"}],"wp:attachment":[{"href":"https:\/\/slupu.com\/blog\/wp-json\/wp\/v2\/media?parent=156"}],"curies":[{"name":"wp","href":"https:\/\/api.w.org\/{rel}","templated":true}]}}